{"id":862,"date":"2014-05-16T09:25:25","date_gmt":"2014-05-16T07:25:25","guid":{"rendered":"http:\/\/reussitepartagee.com\/wp\/dup-a-propos\/"},"modified":"2024-02-08T19:50:18","modified_gmt":"2024-02-08T18:50:18","slug":"arnaud-gerard-mentions-legales-cgv-rgpd","status":"publish","type":"page","link":"https:\/\/reussitepartagee.com\/wp\/arnaud-gerard-mentions-legales-cgv-rgpd\/","title":{"rendered":"Mentions l\u00e9gales, RGPD &#038; Conditions G\u00e9n\u00e9rales de Vente (CGV)"},"content":{"rendered":"<p><strong>Mentions L\u00e9gales<\/strong><\/p>\n<p>1 REUSSITE PARTAGEE, EIRL<br \/>\n30, avenue de Flandre<br \/>\n75019 Paris<br \/>\nFrance<br \/>\nSIREN : 438 259 459<\/p>\n<p>Contact : arnaud.gerard@reussitepartagee.com<br \/>\nT\u00e9l. : 06 60 87 74 86<\/p>\n<p>H\u00e9bergement Web : OVH.com<\/p>\n<p>Service de fichier client :\u00a0Aweber.com<\/p>\n<p>CNIL : num\u00e9ro de la d\u00e9claration 1796228<\/p>\n<p>N\u00b0 organisme de formation : 11 75 53312 75, d\u00e9claration d'activit\u00e9 enregistr\u00e9e sous ce num\u00e9ro aupr\u00e8s du pr\u00e9fet de la r\u00e9gion Ile de France<\/p>\n<p><strong>Respect de la vie priv\u00e9e, Protection des donn\u00e9es (RGPD) :<\/strong><\/p>\n<p>Les informations personnelles collect\u00e9es sur le site sont soumises \u00e0 titre volontaire uniquement. Vos donn\u00e9es personnelles (nom, email) ne seront jamais transmises \u00e0 une tierce personne, ni vendu, ni \u00e9chang\u00e9. Vous \u00eates libre de vous inscrire aux lettres d\u2019information (newsletter) et de vous d\u00e9sinscrire \u00e0 tout moment, notamment avec le lien Unsubscribe figurant au bas de chacun de nos emails.<\/p>\n<p>Vous consentez et acceptez librement les paragraphes suivants :<\/p>\n<p>\"Lorsque je transmets mes donn\u00e9es dans ces conditions, je confirme que j'ai plus de 16 ans.<\/p>\n<p>J'ai lu et j'accepte tous les termes et conditions du r\u00e8glement de l'Union europ\u00e9enne n\u1d52 2016\/679, dit r\u00e8glement g\u00e9n\u00e9ral sur la protection des donn\u00e9es, en mati\u00e8re de politique et r\u00e9glementation de la protection des donn\u00e9es, et\/ou tout addendum concernant le traitement des donn\u00e9es qui m'a \u00e9t\u00e9 communiqu\u00e9 en lien avec tout logiciel, produit ou service.<\/p>\n<p>J'ai \u00e9t\u00e9 compl\u00e8tement inform\u00e9 et je consens \u00e0 la collecte et \u00e0 l'utilisation de mes donn\u00e9es personnelles pour tout usage en lien avec tous logiciels, produits et\/ou services propos\u00e9s.<\/p>\n<p>Je comprends que certaines donn\u00e9es, dont mes donn\u00e9es personnelles, doivent \u00eatre collect\u00e9es ou trait\u00e9es de fa\u00e7on \u00e0 me proposer tout produits ou services que j'ai demand\u00e9 ou pour lequel j'ai un contrat avec vous. Je comprends qu'il est n\u00e9cessaire d'utiliser des cookies ou un dispositif de suivi similaire pour me proposer ces produits ou services.<\/p>\n<p>Je comprends que j'ai le droit de demander acc\u00e8s chaque ann\u00e9e \u00e0 mes donn\u00e9es personnelles que vous avez obtenues de ma part. Et vous \u00eates d'accord pour me fournir ces informations de fa\u00e7on lisibles.<\/p>\n<p>Je comprends aussi que je peux r\u00e9voquer mon consentement et que j'ai le droit de ne plus \u00eatre sollicit\u00e9. Si je me d\u00e9sinscris, vous arr\u00eaterez de collectif ou traiter mes donn\u00e9es personnelles. Je comprends que si je me d\u00e9sinscris, vous ne pourrez pas me procurer les produits ou services que vous proposez, et que je ne pourrai pas vous en rendre responsable.<\/p>\n<p>De m\u00eame, si je demande \u00e0 \u00eatre d\u00e9sinscrit, vous supprimerez toutes les donn\u00e9es me concernant, ou les rendrez inaccessibles. Je comprends aussi que si nous avions un d\u00e9saccord concernant mes donn\u00e9es personnelles, je peux contacter toute personne responsable de souci RGPD. Si nous n'arrivions pas \u00e0 nous mettre d'accord, vous pourrez proposer un service ind\u00e9pendant pour trouver une r\u00e9solution. Si j'ai la moindre question concernant la protection de mes donn\u00e9es, je peux contacter l'adresse email fournie.\"<\/p>\n<h1>Conditions G\u00e9n\u00e9rales de Vente (CGV)<\/h1>\n<p>Le site Cr\u00e9er la R\u00e9ussite Partag\u00e9e est la propri\u00e9t\u00e9 de 1 REUSSITE PARTAGEE, EIRL. Voir les mentions l\u00e9gales en fin de page.<\/p>\n<p><strong>Article 1 : Champ d\u2019application<\/strong><br \/>\nLes pr\u00e9sentes conditions g\u00e9n\u00e9rales de vente s\u2019appliquent \u00e0 toutes les transactions conclues par le biais des sites Internet du r\u00e9seau de 1 REUSSITE PARTAGEE, EIRL.<\/p>\n<p>Est consid\u00e9r\u00e9e comme \u00ab client \u00bb toute personne physique ou morale r\u00e9alisant aupr\u00e8s de 1 REUSSITE PARTAGEE, EIRL une commande valid\u00e9e via notre plateforme de paiement s\u00e9curis\u00e9e partenaire PayPal.<\/p>\n<p><strong>Article 2 : Commande<\/strong><br \/>\nToute commande pass\u00e9e sur un site appartenant \u00e0 1 REUSSITE PARTAGEE, EIRL implique l\u2019acceptation int\u00e9grale et sans r\u00e9serve des pr\u00e9sentes conditions g\u00e9n\u00e9rales de vente.<\/p>\n<p><strong>Article 3 : Prix<\/strong><br \/>\nLes prix sont indiqu\u00e9s en euros net de taxe, ou toutes taxes comprises (au taux de TVA fran\u00e7aise 20%) suivant le cas appropri\u00e9, hors frais de port et de traitement de votre commande.<\/p>\n<p>Le prix des articles peut \u00eatre modifi\u00e9 \u00e0 tout moment. Toutefois, le tarif appliqu\u00e9 \u00e0 une commande sera celui annonc\u00e9 au moment de la commande.<\/p>\n<p><strong>Article 4 : Paiement<\/strong><br \/>\nLe paiement est exigible imm\u00e9diatement \u00e0 la date de la commande, y compris pour les produits en pr\u00e9commande. Vous pouvez effectuer le r\u00e8glement par carte de paiement ou compte Paypal.<\/p>\n<p>Le paiement s\u00e9curis\u00e9 en ligne par carte bancaire est r\u00e9alis\u00e9 par l\u2019interm\u00e9diaire de PayPal. Les informations transmises sont chiffr\u00e9es par un logiciel dans les r\u00e8gles de l\u2019art et ne peuvent \u00eatre lues au cours du transport sur le r\u00e9seau. Toute garantie quant \u00e0 la s\u00e9curit\u00e9 de ce syst\u00e8me est enti\u00e8rement de la responsabilit\u00e9 de PayPal\u00a0et ne saurait nous \u00eatre imput\u00e9e.<\/p>\n<p><strong>Article 5 : Livraison<\/strong><br \/>\nLa livraison est imm\u00e9diate pour les produits digitaux (acc\u00e8s site membre, cours en ligne, vid\u00e9os etc). Vous devez disposer d\u2019un adresse email personnelle pour valider votre inscription. Vous devez avoir acc\u00e8s \u00e0 un r\u00e9seau internet pour acc\u00e9der \u00e0 votre compte en ligne et b\u00e9n\u00e9ficier des services et produits factur\u00e9s.<\/p>\n<p><strong>Article 6 : Pr\u00e9commande<\/strong><br \/>\nPour les produits en \u201cPr\u00e9commande\u201d, c\u2019est \u00e0 dire ceux que vous pouvez acheter avant leur parution officielle, le paiement est exigible imm\u00e9diatement au moment de la commande.<\/p>\n<p>Les dates pr\u00e9visionnelles de parution des produits ne sont pas contractuelles. Nous faisons de notre mieux pour respecter les dates pr\u00e9visionnelles que nous indiquons, cependant les dates effectives d\u00e9pendent bien souvent de facteurs ind\u00e9pendants de notre volont\u00e9 (par exemple d\u00e9lais d\u2019impression, de pressage de DVDs, catastrophes naturelles).<\/p>\n<p><strong>Article 7 : Conditions de retour et de remboursement<\/strong><br \/>\nTous nos produits et services sans exception b\u00e9n\u00e9ficient d\u2019une garantie de satisfaction. Nous voulons \u00eatre absolument certains que tous nos clients sont ravis d\u2019avoir travaill\u00e9 avec nous et atteignent leurs objectifs.<\/p>\n<p>Cependant, cette garantie est diff\u00e9rente selon le produit. Par cons\u00e9quent, les conditions indiqu\u00e9es ci-dessous sont remplac\u00e9es par celles pr\u00e9cis\u00e9es sur votre page de commande pour un produit donn\u00e9, car les promesses faites sur cette page de commande sont prioritaires par rapport aux conditions ci-dessous.<\/p>\n<p>Conform\u00e9ment \u00e0 la l\u00e9gislation en vigueur, vous disposez d\u2019un d\u00e9lai de 7 jours \u00e0 compter de la r\u00e9ception de votre commande pour exercer votre \u00ab droit de r\u00e9tractation \u00bb.<\/p>\n<p><strong>Produits \u00e9lectroniques<\/strong><br \/>\nSauf mention contraire sur la page descriptive du produit, tous nos produits \u00e9lectroniques hors conf\u00e9rences, ateliers ou s\u00e9minaires en pr\u00e9sentiel, ont une garantie de satisfaction de 30 jours \u00e0 2 mois suivant les cas. Si vous n\u2019\u00eates pas satisfait au cours de la p\u00e9riode indiqu\u00e9e suivant votre achat, remplissez un formulaire de contact pour demander votre remboursement en mentionnant votre num\u00e9ro de transaction.<\/p>\n<p><strong>Retour des produits<\/strong><br \/>\nEn cas de r\u00e9ception de produits d\u00e9fectueux ou non conformes, nous nous engageons \u00e0 vous remplacer, ou rembourser le montant du ou des produits command\u00e9s.<\/p>\n<p>Attention, il faut quand m\u00eame respecter quelques r\u00e8gles :<br \/>\nNous contacter pour qu\u2019on vous donne les infos de retour au pr\u00e9alable. Nous retourner les produits d\u00e9fectueux ou non conformes avec la facture correspondante (ou au minimum le n\u00b0 de transaction).<br \/>\nNous vous remboursons les frais de retour si vous retournez votre commande pour une raison qui nous est imputable : erreur de livraison, article d\u00e9fectueux\u2026<\/p>\n<p>Les frais de retour ne vous seront pas rembours\u00e9s si vous nous retournez votre commande parce que vous avez chang\u00e9 d\u2019avis.<\/p>\n<p>Le retour doit \u00eatre adress\u00e9 \u00e0 :<br \/>\n1 REUSSITE PARTAGEE<br \/>\n30, avenue de Flandre<br \/>\n75019 Paris<br \/>\nFrance<\/p>\n<p>Un remboursement sera fait par virement dans un d\u00e9lai de 30 jours.<\/p>\n<p>Pour les produits num\u00e9riques et \u00e0 \u201cacc\u00e8s membre\u201d, votre acc\u00e8s au contenu payant sera suspendu d\u00e8s le remboursement effectu\u00e9.<\/p>\n<p><strong>Article 8 : Disponibilit\u00e9 et pr\u00e9sentation<\/strong><br \/>\nLes commandes seront trait\u00e9es dans la limite de nos stocks disponibles ou sous r\u00e9serve des stocks disponibles chez nos fournisseurs.<\/p>\n<p>En cas d\u2019indisponibilit\u00e9 d\u2019un article pour une p\u00e9riode sup\u00e9rieure \u00e0 dix jours ouvrables, vous serez imm\u00e9diatement pr\u00e9venu des d\u00e9lais pr\u00e9visibles de livraison et la commande de cet article pourra \u00eatre<br \/>\nannul\u00e9e sur simple demande. Le client pourra alors demander un avoir pour le montant de l\u2019article ou son remboursement.<\/p>\n<p>Les photos de nos produits sont des \u201csuggestions de pr\u00e9sentation\u201d, c\u2019est \u00e0 dire que les images ne correspondent pas toujours exactement au produit que vous recevrez au final, surtout pour des pr\u00e9-commandes, o\u00f9 les visuels ne sont pas toujours d\u00e9finitifs.<\/p>\n<p><strong>Article 9 : Protection des donn\u00e9es personnelles<\/strong><br \/>\nConform\u00e9ment \u00e0 la Loi Informatique et Libert\u00e9s du 6 janvier 1978, vous disposez d\u2019un droit d\u2019acc\u00e8s et de rectification aux donn\u00e9es personnelles vous concernant.<\/p>\n<p>Nous d\u00e9clarons l\u2019ensemble de nos fichiers \u00e0 la Commission Nationale de l\u2019Informatique et des Libert\u00e9s.<\/p>\n<p>En adh\u00e9rant \u00e0 ces conditions g\u00e9n\u00e9rales de vente, vous reconnaissez avoir pris connaissance de notre politique de protection des donn\u00e9es personnelles et consentez \u00e0 ce que nous collections et utilisions ces donn\u00e9es.<\/p>\n<p>En saisissant votre adresse email sur l\u2019un des sites de notre r\u00e9seau, vous recevrez des emails contenant des informations et\/ou des offres promotionnelles concernant des produits \u00e9dit\u00e9s par la soci\u00e9t\u00e9 1 REUSSITE PARTAGEE, EIRL ou par d\u2019autres partenaires.<\/p>\n<p>Vous pouvez vous d\u00e9sinscrire \u00e0 tout instant.<\/p>\n<p>Il vous suffit pour cela de cliquer sur le lien pr\u00e9sent \u00e0 la fin de nos emails. Ce lien est pr\u00e9c\u00e9d\u00e9 de la mention \u201cTo unsubscribe or change subscriber options:\u201d (comprendre : pour vous d\u00e9sinscrire ou changer vos options d\u2019inscriptions, cliquez ci-dessus).<\/p>\n<p><strong>Article 10 : Droit applicable<\/strong><br \/>\nToutes les clauses figurant dans les pr\u00e9sentes conditions g\u00e9n\u00e9rales de vente, ainsi que toutes les op\u00e9rations d\u2019achat et de vente qui y sont vis\u00e9es, seront soumises au droit fran\u00e7ais.<\/p>\n<style id=\"wpforms-css-vars-5645\">\n\t\t\t\t#wpforms-5645 {\n\t\t\t\t\n\t\t\t}\n\t\t\t<\/style><div class=\"wpforms-container wpforms-container-full wpforms-render-modern\" id=\"wpforms-5645\"><form id=\"wpforms-form-5645\" class=\"wpforms-validate wpforms-form wpforms-ajax-form\" data-formid=\"5645\" method=\"post\" enctype=\"multipart\/form-data\" action=\"\/wp\/wp-json\/wp\/v2\/pages\/862\" data-token=\"b2d31712627fb00300bd5a3e1f77bbdd\" data-token-time=\"1775643032\"><noscript class=\"wpforms-error-noscript\">Veuillez activer JavaScript dans votre navigateur pour remplir ce formulaire.<\/noscript><div id=\"wpforms-error-noscript\" style=\"display: none;\">Veuillez activer JavaScript dans votre navigateur pour remplir ce formulaire.<\/div><div class=\"wpforms-field-container\"><div id=\"wpforms-5645-field_0-container\" class=\"wpforms-field wpforms-field-name\" data-field-id=\"0\"><fieldset><legend class=\"wpforms-field-label\">Nom <span class=\"wpforms-required-label\" aria-hidden=\"true\">*<\/span><\/legend><div class=\"wpforms-field-row wpforms-field-medium\"><div class=\"wpforms-field-row-block wpforms-first wpforms-one-half\"><input type=\"text\" id=\"wpforms-5645-field_0\" class=\"wpforms-field-name-first wpforms-field-required\" name=\"wpforms[fields][0][first]\" aria-errormessage=\"wpforms-5645-field_0-error\" required><label for=\"wpforms-5645-field_0\" class=\"wpforms-field-sublabel after\">Pr\u00e9nom<\/label><\/div><div class=\"wpforms-field-row-block wpforms-one-half\"><input type=\"text\" id=\"wpforms-5645-field_0-last\" class=\"wpforms-field-name-last wpforms-field-required\" name=\"wpforms[fields][0][last]\" aria-errormessage=\"wpforms-5645-field_0-last-error\" required><label for=\"wpforms-5645-field_0-last\" class=\"wpforms-field-sublabel after\">Nom<\/label><\/div><\/div><\/fieldset><\/div><div id=\"wpforms-5645-field_1-container\" class=\"wpforms-field wpforms-field-email\" data-field-id=\"1\"><label class=\"wpforms-field-label\" for=\"wpforms-5645-field_1\">E-mail <span class=\"wpforms-required-label\" aria-hidden=\"true\">*<\/span><\/label><input type=\"email\" id=\"wpforms-5645-field_1\" class=\"wpforms-field-medium wpforms-field-required\" name=\"wpforms[fields][1]\" spellcheck=\"false\" aria-errormessage=\"wpforms-5645-field_1-error\" required><\/div><div id=\"wpforms-5645-field_3-container\" class=\"wpforms-field wpforms-field-text\" data-field-id=\"3\"><label class=\"wpforms-field-label\" for=\"wpforms-5645-field_3\">Objet<\/label><input type=\"text\" id=\"wpforms-5645-field_3\" class=\"wpforms-field-medium\" name=\"wpforms[fields][3]\" value=\"Objet de votre message\" aria-errormessage=\"wpforms-5645-field_3-error\" ><\/div><div id=\"wpforms-5645-field_2-container\" class=\"wpforms-field wpforms-field-textarea\" data-field-id=\"2\"><label class=\"wpforms-field-label\" for=\"wpforms-5645-field_2\">Commentaire ou message<\/label><textarea id=\"wpforms-5645-field_2\" class=\"wpforms-field-medium\" name=\"wpforms[fields][2]\" aria-errormessage=\"wpforms-5645-field_2-error\" ><\/textarea><\/div><\/div><!-- .wpforms-field-container --><div class=\"wpforms-recaptcha-container wpforms-is-recaptcha wpforms-is-recaptcha-type-v2\" ><div class=\"g-recaptcha\" data-sitekey=\"6LfVTGwpAAAAAN2dhesv_aX0CdtJak0dSikXUSO5\"><\/div><input type=\"text\" name=\"g-recaptcha-hidden\" class=\"wpforms-recaptcha-hidden\" style=\"position:absolute!important;clip:rect(0,0,0,0)!important;height:1px!important;width:1px!important;border:0!important;overflow:hidden!important;padding:0!important;margin:0!important;\" data-rule-recaptcha=\"1\"><\/div><div class=\"wpforms-submit-container\" ><input type=\"hidden\" name=\"wpforms[id]\" value=\"5645\"><input type=\"hidden\" name=\"page_title\" value=\"\"><input type=\"hidden\" name=\"page_url\" value=\"https:\/\/reussitepartagee.com\/wp\/wp-json\/wp\/v2\/pages\/862\"><input type=\"hidden\" name=\"url_referer\" value=\"\"><button type=\"submit\" name=\"wpforms[submit]\" id=\"wpforms-submit-5645\" class=\"wpforms-submit\" data-alt-text=\"Envoi...\" data-submit-text=\"Envoyer\" aria-live=\"assertive\" value=\"wpforms-submit\">Envoyer<\/button><img decoding=\"async\" src=\"https:\/\/reussitepartagee.com\/wp\/wp-content\/plugins\/wpforms-lite\/assets\/images\/submit-spin.svg\" class=\"wpforms-submit-spinner\" style=\"display: none;\" width=\"26\" height=\"26\" alt=\"Chargement en cours\"><\/div><\/form><\/div>  <!-- .wpforms-container -->\n","protected":false},"excerpt":{"rendered":"<p>Mentions L\u00e9gales 1 REUSSITE PARTAGEE, EIRL 30, avenue de Flandre 75019 Paris France SIREN : 438 259 459 Contact : arnaud.gerard@reussitepartagee.com T\u00e9l. : 06 60 87 74 86 H\u00e9bergement Web : OVH.com Service de fichier client :\u00a0Aweber.com CNIL : num\u00e9ro de la d\u00e9claration 1796228 N\u00b0 organisme de formation : 11 75 53312 75, d\u00e9claration d&rsquo;activit\u00e9 [&hellip;]<\/p>\n","protected":false},"author":1,"featured_media":0,"parent":0,"menu_order":0,"comment_status":"open","ping_status":"open","template":"","meta":{"pmpro_default_level":"","_monsterinsights_skip_tracking":false,"_monsterinsights_sitenote_active":false,"_monsterinsights_sitenote_note":"","_monsterinsights_sitenote_category":0,"ocean_post_layout":"","ocean_both_sidebars_style":"","ocean_both_sidebars_content_width":0,"ocean_both_sidebars_sidebars_width":0,"ocean_sidebar":"","ocean_second_sidebar":"","ocean_disable_margins":"enable","ocean_add_body_class":"","ocean_shortcode_before_top_bar":"","ocean_shortcode_after_top_bar":"","ocean_shortcode_before_header":"","ocean_shortcode_after_header":"","ocean_has_shortcode":"","ocean_shortcode_after_title":"","ocean_shortcode_before_footer_widgets":"","ocean_shortcode_after_footer_widgets":"","ocean_shortcode_before_footer_bottom":"","ocean_shortcode_after_footer_bottom":"","ocean_display_top_bar":"default","ocean_display_header":"default","ocean_header_style":"","ocean_center_header_left_menu":"","ocean_custom_header_template":"","ocean_custom_logo":0,"ocean_custom_retina_logo":0,"ocean_custom_logo_max_width":0,"ocean_custom_logo_tablet_max_width":0,"ocean_custom_logo_mobile_max_width":0,"ocean_custom_logo_max_height":0,"ocean_custom_logo_tablet_max_height":0,"ocean_custom_logo_mobile_max_height":0,"ocean_header_custom_menu":"","ocean_menu_typo_font_family":"","ocean_menu_typo_font_subset":"","ocean_menu_typo_font_size":0,"ocean_menu_typo_font_size_tablet":0,"ocean_menu_typo_font_size_mobile":0,"ocean_menu_typo_font_size_unit":"px","ocean_menu_typo_font_weight":"","ocean_menu_typo_font_weight_tablet":"","ocean_menu_typo_font_weight_mobile":"","ocean_menu_typo_transform":"","ocean_menu_typo_transform_tablet":"","ocean_menu_typo_transform_mobile":"","ocean_menu_typo_line_height":0,"ocean_menu_typo_line_height_tablet":0,"ocean_menu_typo_line_height_mobile":0,"ocean_menu_typo_line_height_unit":"","ocean_menu_typo_spacing":0,"ocean_menu_typo_spacing_tablet":0,"ocean_menu_typo_spacing_mobile":0,"ocean_menu_typo_spacing_unit":"","ocean_menu_link_color":"","ocean_menu_link_color_hover":"","ocean_menu_link_color_active":"","ocean_menu_link_background":"","ocean_menu_link_hover_background":"","ocean_menu_link_active_background":"","ocean_menu_social_links_bg":"","ocean_menu_social_hover_links_bg":"","ocean_menu_social_links_color":"","ocean_menu_social_hover_links_color":"","ocean_disable_title":"default","ocean_disable_heading":"default","ocean_post_title":"","ocean_post_subheading":"","ocean_post_title_style":"","ocean_post_title_background_color":"","ocean_post_title_background":0,"ocean_post_title_bg_image_position":"","ocean_post_title_bg_image_attachment":"","ocean_post_title_bg_image_repeat":"","ocean_post_title_bg_image_size":"","ocean_post_title_height":0,"ocean_post_title_bg_overlay":0.5,"ocean_post_title_bg_overlay_color":"","ocean_disable_breadcrumbs":"default","ocean_breadcrumbs_color":"","ocean_breadcrumbs_separator_color":"","ocean_breadcrumbs_links_color":"","ocean_breadcrumbs_links_hover_color":"","ocean_display_footer_widgets":"default","ocean_display_footer_bottom":"default","ocean_custom_footer_template":"","footnotes":""},"class_list":["post-862","page","type-page","status-publish","hentry","pmpro-has-access","entry"],"aioseo_notices":[],"_links":{"self":[{"href":"https:\/\/reussitepartagee.com\/wp\/wp-json\/wp\/v2\/pages\/862","targetHints":{"allow":["GET"]}}],"collection":[{"href":"https:\/\/reussitepartagee.com\/wp\/wp-json\/wp\/v2\/pages"}],"about":[{"href":"https:\/\/reussitepartagee.com\/wp\/wp-json\/wp\/v2\/types\/page"}],"author":[{"embeddable":true,"href":"https:\/\/reussitepartagee.com\/wp\/wp-json\/wp\/v2\/users\/1"}],"replies":[{"embeddable":true,"href":"https:\/\/reussitepartagee.com\/wp\/wp-json\/wp\/v2\/comments?post=862"}],"version-history":[{"count":12,"href":"https:\/\/reussitepartagee.com\/wp\/wp-json\/wp\/v2\/pages\/862\/revisions"}],"predecessor-version":[{"id":5660,"href":"https:\/\/reussitepartagee.com\/wp\/wp-json\/wp\/v2\/pages\/862\/revisions\/5660"}],"wp:attachment":[{"href":"https:\/\/reussitepartagee.com\/wp\/wp-json\/wp\/v2\/media?parent=862"}],"curies":[{"name":"wp","href":"https:\/\/api.w.org\/{rel}","templated":true}]}}